{"id":75,"date":"2020-01-25T12:20:51","date_gmt":"2020-01-25T11:20:51","guid":{"rendered":"http:\/\/groff.fr\/www1\/?page_id=75"},"modified":"2022-01-23T13:49:14","modified_gmt":"2022-01-23T12:49:14","slug":"sognu-di-cala-rossa","status":"publish","type":"page","link":"http:\/\/groff.fr\/www1\/index.php\/sognu-di-cala-rossa\/","title":{"rendered":"R\u00e9sidence Sognu di Cala Rossa"},"content":{"rendered":"\n<h4 class=\"wp-block-heading\"><span style=\"color: #329cdd;\">Superbe 2-pi\u00e8ces \u00e0 600 m de la plage &#8211; disponible pour l&rsquo;\u00e9t\u00e9 2022<\/span><\/h4>\n\n\n\n<hr class=\"wp-block-separator has-text-color has-background has-vivid-cyan-blue-background-color has-vivid-cyan-blue-color is-style-wide\"\/>\n\n\n\n<p>Votre r\u00e9sidence <strong>avec piscine<\/strong> est situ\u00e9e entre la <strong>plage de Cala Rossa<\/strong> et et des collines alentours,&nbsp;au lieu-dit Alzetto \u00e0 Lecci de Porto-Vecchio.<\/p>\n\n\n\n<div class=\"wp-block-image\"><figure class=\"aligncenter\"><img loading=\"lazy\" decoding=\"async\" width=\"300\" height=\"300\" src=\"http:\/\/groff.fr\/www1\/wp-content\/uploads\/2020\/01\/calarossa_localisation-300x300.png\" alt=\"\" class=\"wp-image-11\" srcset=\"http:\/\/groff.fr\/www1\/wp-content\/uploads\/2020\/01\/calarossa_localisation-300x300.png 300w, http:\/\/groff.fr\/www1\/wp-content\/uploads\/2020\/01\/calarossa_localisation-1024x1024.png 1024w, http:\/\/groff.fr\/www1\/wp-content\/uploads\/2020\/01\/calarossa_localisation-150x150.png 150w, http:\/\/groff.fr\/www1\/wp-content\/uploads\/2020\/01\/calarossa_localisation-768x768.png 768w, http:\/\/groff.fr\/www1\/wp-content\/uploads\/2020\/01\/calarossa_localisation-1536x1536.png 1536w, http:\/\/groff.fr\/www1\/wp-content\/uploads\/2020\/01\/calarossa_localisation-1080x1080.png 1080w, http:\/\/groff.fr\/www1\/wp-content\/uploads\/2020\/01\/calarossa_localisation.png 1960w\" sizes=\"(max-width: 300px) 100vw, 300px\" \/><\/figure><\/div>\n\n\n\n<h4 class=\"wp-block-heading\"><span style=\"color: #329cdd;\">Equipements<\/span><\/h4>\n\n\n\n<hr class=\"wp-block-separator has-text-color has-background has-vivid-cyan-blue-background-color has-vivid-cyan-blue-color is-style-wide\"\/>\n\n\n\n<p>Nous vous proposerons tr\u00e8s prochainement ce magnifique <strong>deux-pi\u00e8ces de 42 m<em>\u00b2<\/em>&nbsp;avec un jardin de 48 m<em>\u00b2<\/em>&nbsp;et une terrasse de 18 m<em>\u00b2<\/em><\/strong>, neuf, enti\u00e8rement \u00e9quip\u00e9 (cuisine par Inov&rsquo;Art, lave-vaisselle, lave-linge, climatisation, t\u00e9l\u00e9, WiFi gratuit, Dolce Gusto \u2026) non-fumeur et place de parking attribu\u00e9e.&nbsp;<\/p>\n\n\n\n<p>Vous disposez de 4 couchages :<\/p>\n\n\n\n<ul><li>un lit deux places 160 dans la chambre<\/li><li>un canap\u00e9 convertible deux places 140 dans le salon<\/li><\/ul>\n\n\n\n<div class=\"wp-block-image\"><figure class=\"aligncenter\"><img loading=\"lazy\" decoding=\"async\" width=\"300\" height=\"285\" src=\"http:\/\/groff.fr\/www1\/wp-content\/uploads\/2020\/01\/calarossa_carre-300x285.jpg\" alt=\"\" class=\"wp-image-9\" srcset=\"http:\/\/groff.fr\/www1\/wp-content\/uploads\/2020\/01\/calarossa_carre-300x285.jpg 300w, http:\/\/groff.fr\/www1\/wp-content\/uploads\/2020\/01\/calarossa_carre-1024x974.jpg 1024w, http:\/\/groff.fr\/www1\/wp-content\/uploads\/2020\/01\/calarossa_carre-768x730.jpg 768w, http:\/\/groff.fr\/www1\/wp-content\/uploads\/2020\/01\/calarossa_carre.jpg 1064w\" sizes=\"(max-width: 300px) 100vw, 300px\" \/><\/figure><\/div>\n\n\n\n<h4 class=\"wp-block-heading\"><span style=\"color: #329cdd;\">Services<\/span><\/h4>\n\n\n\n<hr class=\"wp-block-separator has-text-color has-background has-vivid-cyan-blue-background-color has-vivid-cyan-blue-color is-style-wide\"\/>\n\n\n\n<p>Tous les services para-h\u00f4teliers sont pr\u00e9vus (accueil, linge de maison, m\u00e9nage r\u00e9gulier, petit d\u00e9jeuner si vous le souhaitez) et bien d&rsquo;autres avec nos partenaires locaux. Consultez nos conditions g\u00e9n\u00e9rales de vente <a href=\"http:\/\/groff.fr\/www1\/index.php\/apropos\/\"><span style=\"color: #329cdd;\">ici<\/span><\/a>.<\/p>\n\n\n\n<div class=\"wp-block-image\"><figure class=\"aligncenter\"><img loading=\"lazy\" decoding=\"async\" width=\"300\" height=\"200\" src=\"http:\/\/groff.fr\/www1\/wp-content\/uploads\/2020\/01\/massage-therapy-300x200.jpg\" alt=\"\" class=\"wp-image-210\" srcset=\"http:\/\/groff.fr\/www1\/wp-content\/uploads\/2020\/01\/massage-therapy-300x200.jpg 300w, http:\/\/groff.fr\/www1\/wp-content\/uploads\/2020\/01\/massage-therapy-1024x683.jpg 1024w, http:\/\/groff.fr\/www1\/wp-content\/uploads\/2020\/01\/massage-therapy-768x512.jpg 768w, http:\/\/groff.fr\/www1\/wp-content\/uploads\/2020\/01\/massage-therapy-1536x1024.jpg 1536w, http:\/\/groff.fr\/www1\/wp-content\/uploads\/2020\/01\/massage-therapy.jpg 1920w\" sizes=\"(max-width: 300px) 100vw, 300px\" \/><\/figure><\/div>\n\n\n\n<h4 class=\"wp-block-heading\"><span style=\"color: #339966;\">Activit\u00e9s<\/span><\/h4>\n\n\n\n<hr class=\"wp-block-separator has-text-color has-background has-vivid-green-cyan-background-color has-vivid-green-cyan-color is-style-wide\"\/>\n\n\n\n<p>La r\u00e9sidence est \u00e0 <span style=\"color: #339966;\">600 m\u00e8tres de la plage de Cala Rossa<\/span> et \u00e0 deux pas de la plage de Benedettu : mer transparente, sable fin, location de matelas, activit\u00e9s nautiques, restaurants, spa &#8230; tout y est ! Les plus aventureux pourront se rendre dans la crique de Cala Rossa, magnifique et tr\u00e8s peu fr\u00e9quent\u00e9e.<\/p>\n\n\n\n<h4 class=\"has-vivid-cyan-blue-color has-text-color has-normal-font-size wp-block-heading\">R\u00e9servez<\/h4>\n\n\n\n<hr class=\"wp-block-separator has-text-color has-background has-vivid-cyan-blue-background-color has-vivid-cyan-blue-color is-style-wide\"\/>\n\n\n\n<p>Vous pouvez r\u00e9server en prenant directement contact avec nous au <span style=\"color: #329cdd;\">06 68 47 10 46<\/span>\u00a0ou par courriel \u00e0 olivier@groff.fr \u00a0ou retrouvez-nous sur Airbnb ou Abritel si vous le pr\u00e9f\u00e9rez.<\/p>\n\n\n\n<p><\/p>\n","protected":false},"excerpt":{"rendered":"<p>Superbe 2-pi\u00e8ces \u00e0 600 m de la plage &#8211; disponible pour l&rsquo;\u00e9t\u00e9 2022 Votre r\u00e9sidence avec piscine est situ\u00e9e entre la plage de Cala Rossa et et des collines alentours,&nbsp;au lieu-dit Alzetto \u00e0 Lecci de Porto-Vecchio. Equipements Nous vous proposerons tr\u00e8s prochainement ce magnifique deux-pi\u00e8ces de 42 m\u00b2&nbsp;avec un jardin de 48 m\u00b2&nbsp;et une terrasse &hellip; <\/p>\n<p class=\"link-more\"><a href=\"http:\/\/groff.fr\/www1\/index.php\/sognu-di-cala-rossa\/\" class=\"more-link\">Continuer la lecture<span class=\"screen-reader-text\"> de &laquo;&nbsp;R\u00e9sidence Sognu di Cala Rossa&nbsp;&raquo;<\/span><\/a><\/p>\n","protected":false},"author":1,"featured_media":0,"parent":0,"menu_order":2,"comment_status":"closed","ping_status":"closed","template":"","meta":{"footnotes":""},"_links":{"self":[{"href":"http:\/\/groff.fr\/www1\/index.php\/wp-json\/wp\/v2\/pages\/75"}],"collection":[{"href":"http:\/\/groff.fr\/www1\/index.php\/wp-json\/wp\/v2\/pages"}],"about":[{"href":"http:\/\/groff.fr\/www1\/index.php\/wp-json\/wp\/v2\/types\/page"}],"author":[{"embeddable":true,"href":"http:\/\/groff.fr\/www1\/index.php\/wp-json\/wp\/v2\/users\/1"}],"replies":[{"embeddable":true,"href":"http:\/\/groff.fr\/www1\/index.php\/wp-json\/wp\/v2\/comments?post=75"}],"version-history":[{"count":23,"href":"http:\/\/groff.fr\/www1\/index.php\/wp-json\/wp\/v2\/pages\/75\/revisions"}],"predecessor-version":[{"id":468,"href":"http:\/\/groff.fr\/www1\/index.php\/wp-json\/wp\/v2\/pages\/75\/revisions\/468"}],"wp:attachment":[{"href":"http:\/\/groff.fr\/www1\/index.php\/wp-json\/wp\/v2\/media?parent=75"}],"curies":[{"name":"wp","href":"https:\/\/api.w.org\/{rel}","templated":true}]}}