{"id":553,"date":"2024-05-31T09:27:38","date_gmt":"2024-05-31T07:27:38","guid":{"rendered":"http:\/\/groff.fr\/www1\/?page_id=553"},"modified":"2024-05-31T11:22:08","modified_gmt":"2024-05-31T09:22:08","slug":"visite-virtuelle","status":"publish","type":"page","link":"http:\/\/groff.fr\/www1\/index.php\/visite-virtuelle\/","title":{"rendered":"Visite virtuelle"},"content":{"rendered":"\n<p class=\"has-black-color has-text-color has-link-color wp-elements-016c1b33a4703a3617c5848ef1901eaa\">Naviguez d&rsquo;une pi\u00e8ce \u00e0 l&rsquo;autre de votre appartement dans la r\u00e9sidence <span style=\"color: #329cdd;\"><strong>Stanatura<\/strong><\/span> avec la souris ou les fl\u00e8che ou consultez la visite 360\u00b0 sur <a href=\"https:\/\/www.google.com\/maps\/@41.5793512,9.2758576,0a,82.2y,1.51h,90t\/data=!3m4!1e1!3m2!1sAF1QipPbnv1LEFQ0bSZ3plDxAgSDheN3lnPR8isJdROZ!2e10?source=apiv3\" data-type=\"link\" data-id=\"https:\/\/www.google.com\/maps\/@41.5793512,9.2758576,0a,82.2y,1.51h,90t\/data=!3m4!1e1!3m2!1sAF1QipPbnv1LEFQ0bSZ3plDxAgSDheN3lnPR8isJdROZ!2e10?source=apiv3\" target=\"_blank\" rel=\"noopener\"><span style=\"color: #329cdd;\">Google Maps<\/span><\/a> :<\/p>\n\n\n\n<p class=\"has-vivid-cyan-blue-color has-text-color has-link-color wp-elements-968c1edd697ac444a63f1b05ae2f2684\"><span style=\"color: #329cdd;\"><strong>\u00e0 partir du balcon :<\/strong><\/span><\/p>\n\n\n<p><iframe loading=\"lazy\" style=\"border: 0;\" src=\"https:\/\/www.google.com\/maps\/embed?pb=!4v1717089145235!6m8!1m7!1sCAoSLEFGMVFpcE9rOC1YREQ5RElkZW1SanhDWU40X1BDQVpqY29DU0ZPS083NnYx!2m2!1d41.57934669999999!2d9.275827399999999!3f272.0575829549224!4f-0.40333023796597445!5f0.7820865974627469\" width=\"600\" height=\"450\" allowfullscreen=\"allowfullscreen\"><\/iframe><\/p>\n\n\n<p class=\"has-vivid-cyan-blue-color has-text-color has-link-color wp-elements-29e231e1d7f6f5ee71be35f47566427a\"><strong>\u00e0 partir du s\u00e9jour<\/strong> :<\/p>\n\n\n<p><iframe loading=\"lazy\" style=\"border: 0;\" src=\"https:\/\/www.google.com\/maps\/embed?pb=!4v1717089236299!6m8!1m7!1sCAoSLEFGMVFpcFBibnYxTEVGUTBiU1ozcGxEeEFnU0RoZU4zbG5QUjhpc0pkUk9a!2m2!1d41.5793512!2d9.2758576!3f1.5075515018891466!4f0!5f0.7820865974627469\" width=\"600\" height=\"450\" allowfullscreen=\"allowfullscreen\"><\/iframe><\/p>\n\n\n<p class=\"has-vivid-cyan-blue-color has-text-color has-link-color wp-elements-223c9ffc13602fce406b600c2d892d92\"><strong>depuis la grande chambre orient\u00e9e Sud<\/strong> :<\/p>\n\n\n\n<p><iframe loading=\"lazy\" style=\"border: 0;\" src=\"https:\/\/www.google.com\/maps\/embed?pb=!4v1717089279165!6m8!1m7!1sCAoSLEFGMVFpcE84QXJaR0RxTHVUQ0p5aHhabGxSaUtYVW45dVRMenVsaEJPRURZ!2m2!1d41.57933250000001!2d9.275855!3f199.2022225047852!4f-0.5045672287609619!5f0.7820865974627469\" width=\"600\" height=\"450\" allowfullscreen=\"allowfullscreen\"><\/iframe><\/p>\n\n\n\n<p class=\"has-vivid-cyan-blue-color has-text-color has-link-color wp-elements-030ce086734973bf9a577fb6a0a3b51f\"><strong>depuis la seconde chambre avec deux couchages :<\/strong> <\/p>\n\n\n<p><iframe loading=\"lazy\" style=\"border: 0;\" src=\"https:\/\/www.google.com\/maps\/embed?pb=!4v1717090688916!6m8!1m7!1sCAoSLEFGMVFpcE1aRzFfakkwMG5VUnJIZ0FLM3VzcGpsbEV6aHpqa0x3Nk1EOE91!2m2!1d41.5793252!2d9.2759384!3f214.8359375748608!4f-1.5131470606625612!5f0.7820865974627469\" width=\"600\" height=\"450\" allowfullscreen=\"allowfullscreen\"><\/iframe><\/p>\n\n\n<p class=\"has-vivid-cyan-blue-color has-text-color has-link-color wp-elements-d345c86332ac5a276f622c1146c36cab\"><strong>depuis la cuisine enti\u00e8rement \u00e9quip\u00e9e :<\/strong><\/p>\n\n\n<p><iframe loading=\"lazy\" style=\"border: 0;\" src=\"https:\/\/www.google.com\/maps\/embed?pb=!4v1717090732032!6m8!1m7!1sCAoSLEFGMVFpcE95RkNsZlVBaW9fMWxMS2h2TF9Yd3k4LXVQOGxsQ2d4WkpTYnh5!2m2!1d41.5793694!2d9.275895!3f203.5259467995707!4f-0.49654241437335145!5f0.7820865974627469\" width=\"600\" height=\"450\" allowfullscreen=\"allowfullscreen\"><\/iframe><\/p>","protected":false},"excerpt":{"rendered":"<p>Naviguez d&rsquo;une pi\u00e8ce \u00e0 l&rsquo;autre de votre appartement dans la r\u00e9sidence Stanatura avec la souris ou les fl\u00e8che ou consultez la visite 360\u00b0 sur Google Maps : \u00e0 partir du balcon : \u00e0 partir du s\u00e9jour : depuis la grande chambre orient\u00e9e Sud : depuis la seconde chambre avec deux couchages : depuis la cuisine &hellip; <\/p>\n<p class=\"link-more\"><a href=\"http:\/\/groff.fr\/www1\/index.php\/visite-virtuelle\/\" class=\"more-link\">Continuer la lecture<span class=\"screen-reader-text\"> de &laquo;&nbsp;Visite virtuelle&nbsp;&raquo;<\/span><\/a><\/p>\n","protected":false},"author":1,"featured_media":0,"parent":0,"menu_order":2,"comment_status":"open","ping_status":"closed","template":"","meta":{"footnotes":""},"_links":{"self":[{"href":"http:\/\/groff.fr\/www1\/index.php\/wp-json\/wp\/v2\/pages\/553"}],"collection":[{"href":"http:\/\/groff.fr\/www1\/index.php\/wp-json\/wp\/v2\/pages"}],"about":[{"href":"http:\/\/groff.fr\/www1\/index.php\/wp-json\/wp\/v2\/types\/page"}],"author":[{"embeddable":true,"href":"http:\/\/groff.fr\/www1\/index.php\/wp-json\/wp\/v2\/users\/1"}],"replies":[{"embeddable":true,"href":"http:\/\/groff.fr\/www1\/index.php\/wp-json\/wp\/v2\/comments?post=553"}],"version-history":[{"count":16,"href":"http:\/\/groff.fr\/www1\/index.php\/wp-json\/wp\/v2\/pages\/553\/revisions"}],"predecessor-version":[{"id":577,"href":"http:\/\/groff.fr\/www1\/index.php\/wp-json\/wp\/v2\/pages\/553\/revisions\/577"}],"wp:attachment":[{"href":"http:\/\/groff.fr\/www1\/index.php\/wp-json\/wp\/v2\/media?parent=553"}],"curies":[{"name":"wp","href":"https:\/\/api.w.org\/{rel}","templated":true}]}}