{"id":49,"date":"2020-01-25T00:00:26","date_gmt":"2020-01-24T23:00:26","guid":{"rendered":"http:\/\/groff.fr\/www1\/?page_id=49"},"modified":"2023-12-09T14:28:04","modified_gmt":"2023-12-09T13:28:04","slug":"apropos","status":"publish","type":"page","link":"http:\/\/groff.fr\/www1\/index.php\/apropos\/","title":{"rendered":"Qui sommes-nous ?"},"content":{"rendered":"\n<h4 class=\"has-vivid-cyan-blue-color has-text-color\">Mentions l\u00e9gales<\/h4><hr>\n\n\n\n<p>SPIRITU DI FAMIGLIA est une SARL de famille au capital de 5000 euros. Nous sommes des professionnels de la para-h\u00f4tellerie. Nous vous accueillons exclusivement dans des logements qui vous proposent les m\u00eames services qu&rsquo;une chambre d&rsquo;h\u00f4tel &#8230; en mieux !<\/p>\n\n\n\n<p>Immatriculation au RCS d&rsquo;Ajaccio sous le num\u00e9ro 834 157 224<\/p>\n\n\n\n<p>Si\u00e8ge social : r\u00e9sidence Stanatura, route de Bonifacio, 20137 Porto-Vecchio<\/p>\n\n\n\n<p>Adresse de correspondance : 21 Rue Maurice Garin, 85000 La Roche sur Yon<\/p>\n\n\n\n<p>Courriel : olivier@groff.fr<\/p>\n\n\n\n<p>T\u00e9l\u00e9phone : 33 (0)6 68 47 10 46<\/p>\n\n\n\n<p>Directeur de la publication : Olivier GROFF<\/p>\n\n\n\n<p>H\u00e9bergeur : Online.net by Scaleway<\/p>\n\n\n\n<p>Loi Informatique et Libert\u00e9s : nous sommes les seuls utilisateurs des donn\u00e9es que vous nous communiquez.<\/p>\n\n\n\n<p>Ce site n\u2019enregistre pas de cookie. Les sites sur lesquels vous \u00eates dirig\u00e9s sont susceptibles d&rsquo;enregistrer des cookies et appliquent leur propre politique de confidentialit\u00e9.<\/p>\n\n\n\n<h4 class=\"has-vivid-cyan-blue-color has-text-color wp-block-heading\">Conditions g\u00e9n\u00e9rales de vente<\/h4><hr>\n\n\n\n<p><span style=\"color: #333333;\">\nConditions g\u00e9n\u00e9rales de vente en fran\u00e7ais\n<\/span>\n<span style=\"color: #FFFFFF;\">.<\/span>\n<a href=\"http:\/\/www.groff.fr\/CGV_SPIRITU_fr.pdf\" target=\"_blank\" rel=\"noopener noreferrer\"><img decoding=\"async\" src=\"http:\/\/www.groff.fr\/flagfr.png\" width=\"20\" height-\"20\"=\"\" alt=\"CGV en fran\u00e7ais\" title=\"cliquez pour t\u00e9l\u00e9charger le document\"><\/a>\n<\/p>\n\n\n\n<p><span style=\"color: #333333;\">\nTerms of sales in english\n<\/span>\n<span style=\"color: #FFFFFF;\">.<\/span>\n<a href=\"http:\/\/www.groff.fr\/CGV_SPIRITU_en.pdf\" target=\"_blank\" rel=\"noopener noreferrer\"><img decoding=\"async\" src=\"http:\/\/www.groff.fr\/flaguk.png\" width=\"20\" height-\"20\"=\"\" alt=\"CGV en anglais\" title=\"clic to download the doc\"><\/a>\n<\/p>\n\n\n\n<h4 class=\"has-vivid-cyan-blue-color has-text-color\">R\u00e9seaux sociaux<\/h4><hr>\n\n\n\n<p><span style=\"color: #333333;\">\nSuivez-nous sur Facebook\n<\/span>\n<span style=\"color: #FFFFFF;\">.<\/span>\n<a href=\"https:\/\/www.facebook.com\/spiritudifamiglia\/\" target=\"_blank\" rel=\"noopener noreferrer\"><img decoding=\"async\" src=\"http:\/\/www.groff.fr\/facebook.png\" width=\"20\" height-\"20\"=\"\" alt=\"lien vers Facebook\" title=\"cliquez pour acc\u00e9der \u00e0 notre page Facebook\"><\/a><\/p>\n\n\n\n<p><span style=\"color: #333333;\">\nSuivez-nous sur Instagram\n<\/span>\n<span style=\"color: #FFFFFF;\">.<\/span>\n<a href=\"https:\/\/www.instagram.com\/oliviergroff\/\" target=\"_blank\" rel=\"noopener noreferrer\"><img decoding=\"async\" src=\"http:\/\/www.groff.fr\/instagram.png\" width=\"20\" height-\"20\"=\"\" alt=\"lien vers Instagram\" title=\"cliquez pour acc\u00e9der \u00e0 notre page Instagram\"><\/a>\n<\/p>\n\n\n\n<p><\/p>\n","protected":false},"excerpt":{"rendered":"<p>Mentions l\u00e9gales SPIRITU DI FAMIGLIA est une SARL de famille au capital de 5000 euros. Nous sommes des professionnels de la para-h\u00f4tellerie. Nous vous accueillons exclusivement dans des logements qui vous proposent les m\u00eames services qu&rsquo;une chambre d&rsquo;h\u00f4tel &#8230; en mieux ! Immatriculation au RCS d&rsquo;Ajaccio sous le num\u00e9ro 834 157 224 Si\u00e8ge social : &hellip; <\/p>\n<p class=\"link-more\"><a href=\"http:\/\/groff.fr\/www1\/index.php\/apropos\/\" class=\"more-link\">Continuer la lecture<span class=\"screen-reader-text\"> de &laquo;&nbsp;Qui sommes-nous ?&nbsp;&raquo;<\/span><\/a><\/p>\n","protected":false},"author":1,"featured_media":0,"parent":0,"menu_order":4,"comment_status":"closed","ping_status":"closed","template":"","meta":{"footnotes":""},"_links":{"self":[{"href":"http:\/\/groff.fr\/www1\/index.php\/wp-json\/wp\/v2\/pages\/49"}],"collection":[{"href":"http:\/\/groff.fr\/www1\/index.php\/wp-json\/wp\/v2\/pages"}],"about":[{"href":"http:\/\/groff.fr\/www1\/index.php\/wp-json\/wp\/v2\/types\/page"}],"author":[{"embeddable":true,"href":"http:\/\/groff.fr\/www1\/index.php\/wp-json\/wp\/v2\/users\/1"}],"replies":[{"embeddable":true,"href":"http:\/\/groff.fr\/www1\/index.php\/wp-json\/wp\/v2\/comments?post=49"}],"version-history":[{"count":65,"href":"http:\/\/groff.fr\/www1\/index.php\/wp-json\/wp\/v2\/pages\/49\/revisions"}],"predecessor-version":[{"id":544,"href":"http:\/\/groff.fr\/www1\/index.php\/wp-json\/wp\/v2\/pages\/49\/revisions\/544"}],"wp:attachment":[{"href":"http:\/\/groff.fr\/www1\/index.php\/wp-json\/wp\/v2\/media?parent=49"}],"curies":[{"name":"wp","href":"https:\/\/api.w.org\/{rel}","templated":true}]}}