{"id":279,"date":"2020-02-02T22:17:18","date_gmt":"2020-02-02T21:17:18","guid":{"rendered":"http:\/\/groff.fr\/www1\/?page_id=279"},"modified":"2022-10-04T06:35:25","modified_gmt":"2022-10-04T04:35:25","slug":"idees-de-sorties","status":"publish","type":"page","link":"http:\/\/groff.fr\/www1\/index.php\/idees-de-sorties\/","title":{"rendered":"Quelques id\u00e9es"},"content":{"rendered":"<h4><span style=\"color: #329cdd;\">Pages internet des offices de tourisme<\/span><\/h4>\n<hr>\n<p>lien vers l&rsquo;office de tourisme de&nbsp;<span style=\"color: #329cdd;\"><a style=\"color: #329cdd;\" href=\"https:\/\/www.ot-portovecchio.com\" target=\"_blank\" rel=\"noopener noreferrer\">Porto-Vecchio<\/a><\/span><\/p>\n<p>lien vers l&rsquo;office de tourisme de&nbsp;<span style=\"color: #329cdd;\"><a style=\"color: #329cdd;\" href=\"http:\/\/www.lecci-sudcorse.com\" target=\"_blank\" rel=\"noopener noreferrer\">Lecci<\/a><\/span><\/p>\n<p>lien vers l&rsquo;office de tourisme de&nbsp;<span style=\"color: #329cdd;\"><a style=\"color: #329cdd;\" href=\"https:\/\/www.bonifacio.fr\" target=\"_blank\" rel=\"noopener noreferrer\">Bonifacio<\/a><\/span><\/p>\n<h4><span style=\"color: #329cdd;\">Nos coups de coeur<\/span><\/h4>\n<hr>\n<p>La Tour genoise de <strong><span style=\"color: #329cdd;\"><a style=\"color: #329cdd;\" href=\"http:\/\/www.conservatoire-du-littoral.fr\/siteLittoral\/31\/28-fautea-2a_corse-du-sud.htm\" target=\"_blank\" rel=\"noopener noreferrer\">Fautea<\/a><\/span><\/strong> \u00e0 Sainte Lucie de Porto-Vecchio<\/p>\n<p>La plage et le Lion de <span style=\"color: #329cdd;\"><a style=\"color: #329cdd;\" href=\"https:\/\/www.bonifacio.fr\/visite-decouverte\/lion-de-roccapina\/\" target=\"_blank\" rel=\"noopener noreferrer\"><strong>Roccapina<\/strong><\/a><\/span><\/p>\n<p>La for\u00eat et le lac de l&rsquo;<span style=\"color: #329cdd;\"><a style=\"color: #329cdd;\" href=\"https:\/\/www.ot-portovecchio.com\/sud-corse\/fr\/1-131\/l-ospedale.html\" target=\"_blank\" rel=\"noopener noreferrer\"><strong>Osp\u00e9dale<\/strong><\/a><\/span><\/p>\n<p>Les cascades de <a href=\"https:\/\/www.bonifacio.fr\/itineraire\/sentier-de-piscia-di-ghjaddu\/\" target=\"_blank\" rel=\"noopener noreferrer\"><span style=\"color: #329cdd;\"><strong>Piscia di Gallu<\/strong><\/span><\/a><\/p>\n<p>Les aiguilles de <a href=\"https:\/\/www.bonifacio.fr\/visite-decouverte\/site-grandiose-aiguilles-de-bavella\/\" target=\"_blank\" rel=\"noopener noreferrer\"><span style=\"color: #329cdd;\"><strong>Bavella<\/strong><\/span><\/a> puis la descente vers Solenzara<\/p>\n<p>Le canyon de <a href=\"https:\/\/www.paradisu.info\/baignade-en-riviere\/vacca\/\" target=\"_blank\" rel=\"noopener\"><span style=\"color: #329cdd;\"><strong>la Vacca<\/strong><\/span><\/a><\/p>\n<p>Les piscines naturelles de <span style=\"color: #329cdd;\"><strong>Cavu<\/strong><\/span> \u00e0 Sainte Lucie de Porto-Vecchio<\/p>\n<p>Le sentier des <a href=\"https:\/\/www.bonifacio.fr\/itineraire\/sentier-des-bruzzi\/\" target=\"_blank\" rel=\"noopener noreferrer\"><span style=\"color: #329cdd;\"><strong>Bruzzi<\/strong><\/span><\/a> \u00e0 Pianottoli-Caldarello<\/p>\n<p>Le Gorille de La Testa &#8211; le <a href=\"https:\/\/www.bonifacio.fr\/itineraire\/sentier-de-testa-de-ventilegne-a-figari\/\" target=\"_blank\" rel=\"noopener\"><span style=\"color: #329cdd;\"><strong>sentier de Ventil\u00e8gne \u00e0 Figari<\/strong><\/span><\/a><\/p>\n<h4><span style=\"color: #329cdd;\">Boutique<\/span><\/h4>\n<hr>\n<p>Nous avons d\u00e9nich\u00e9 pour vous ce petit guide in\u00e9dit et introuvable dans le commerce :&nbsp;<span style=\"color: #329cdd;\"><a style=\"color: #329cdd;\" href=\"https:\/\/welikecorsica.wixsite.com\/website\/boutique\" target=\"_blank\" rel=\"noopener noreferrer\">We Like Corsica<\/a><\/span><\/p>\n<p style=\"text-align: center;\"><img loading=\"lazy\" decoding=\"async\" class=\"alignnone size-medium wp-image-338\" src=\"http:\/\/groff.fr\/www1\/wp-content\/uploads\/2020\/02\/welikecorsica-188x300.png\" alt=\"\" width=\"188\" height=\"300\" srcset=\"http:\/\/groff.fr\/www1\/wp-content\/uploads\/2020\/02\/welikecorsica-188x300.png 188w, http:\/\/groff.fr\/www1\/wp-content\/uploads\/2020\/02\/welikecorsica.png 582w\" sizes=\"(max-width: 188px) 100vw, 188px\" \/><\/p>\n<p><\/p>\n<h4><span style=\"color: #329cdd;\">Pratiqu<\/span><span style=\"color: #329cdd;\">e<\/span><\/h4>\n<hr>\n<p>Vous disposez d&rsquo;un arr\u00eat de la navette gratuite <strong><span style=\"color: #329cdd;\"><a style=\"color: #329cdd;\" href=\"http:\/\/acitadina.porto-vecchio.corsica\">A Citadina<\/a><\/span><\/strong>&nbsp;juste en face de la r\u00e9sidence Stanatura \u00e0 Porto-Vecchio :<\/p>\n<p><img loading=\"lazy\" decoding=\"async\" class=\"alignleft size-medium wp-image-415\" src=\"http:\/\/groff.fr\/www1\/wp-content\/uploads\/2021\/11\/Acitadina-187x300.png\" alt=\"\" width=\"187\" height=\"300\" srcset=\"http:\/\/groff.fr\/www1\/wp-content\/uploads\/2021\/11\/Acitadina-187x300.png 187w, http:\/\/groff.fr\/www1\/wp-content\/uploads\/2021\/11\/Acitadina-639x1024.png 639w, http:\/\/groff.fr\/www1\/wp-content\/uploads\/2021\/11\/Acitadina-768x1231.png 768w, http:\/\/groff.fr\/www1\/wp-content\/uploads\/2021\/11\/Acitadina-958x1536.png 958w, http:\/\/groff.fr\/www1\/wp-content\/uploads\/2021\/11\/Acitadina.png 1174w\" sizes=\"(max-width: 187px) 100vw, 187px\" \/><\/p>\n\n\n<p class=\"has-black-color has-text-color\"><\/p>\n","protected":false},"excerpt":{"rendered":"<p>Pages internet des offices de tourisme lien vers l&rsquo;office de tourisme de&nbsp;Porto-Vecchio lien vers l&rsquo;office de tourisme de&nbsp;Lecci lien vers l&rsquo;office de tourisme de&nbsp;Bonifacio Nos coups de coeur La Tour genoise de Fautea \u00e0 Sainte Lucie de Porto-Vecchio La plage et le Lion de Roccapina La for\u00eat et le lac de l&rsquo;Osp\u00e9dale Les cascades de &hellip; <\/p>\n<p class=\"link-more\"><a href=\"http:\/\/groff.fr\/www1\/index.php\/idees-de-sorties\/\" class=\"more-link\">Continuer la lecture<span class=\"screen-reader-text\"> de &laquo;&nbsp;Quelques id\u00e9es&nbsp;&raquo;<\/span><\/a><\/p>\n","protected":false},"author":1,"featured_media":0,"parent":0,"menu_order":3,"comment_status":"closed","ping_status":"closed","template":"","meta":{"footnotes":""},"_links":{"self":[{"href":"http:\/\/groff.fr\/www1\/index.php\/wp-json\/wp\/v2\/pages\/279"}],"collection":[{"href":"http:\/\/groff.fr\/www1\/index.php\/wp-json\/wp\/v2\/pages"}],"about":[{"href":"http:\/\/groff.fr\/www1\/index.php\/wp-json\/wp\/v2\/types\/page"}],"author":[{"embeddable":true,"href":"http:\/\/groff.fr\/www1\/index.php\/wp-json\/wp\/v2\/users\/1"}],"replies":[{"embeddable":true,"href":"http:\/\/groff.fr\/www1\/index.php\/wp-json\/wp\/v2\/comments?post=279"}],"version-history":[{"count":30,"href":"http:\/\/groff.fr\/www1\/index.php\/wp-json\/wp\/v2\/pages\/279\/revisions"}],"predecessor-version":[{"id":519,"href":"http:\/\/groff.fr\/www1\/index.php\/wp-json\/wp\/v2\/pages\/279\/revisions\/519"}],"wp:attachment":[{"href":"http:\/\/groff.fr\/www1\/index.php\/wp-json\/wp\/v2\/media?parent=279"}],"curies":[{"name":"wp","href":"https:\/\/api.w.org\/{rel}","templated":true}]}}